{"id":874,"date":"2021-07-23T09:35:59","date_gmt":"2021-07-23T12:35:59","guid":{"rendered":"https:\/\/casinhas.pe.leg.br\/v1\/wp-admin\/?page_id=874"},"modified":"2025-07-15T18:17:47","modified_gmt":"2025-07-15T21:17:47","slug":"mapa-do-site","status":"publish","type":"page","link":"https:\/\/casinhas.pe.leg.br\/v1\/mapa-do-site\/","title":{"rendered":"Mapa do Site"},"content":{"rendered":"<div class=\"wsp-container\"><h2 class=\"wsp-posts-title\">Posts by category<\/h2>\n<ul class=\"wsp-posts-list\">\n\t<li><strong class=\"wsp-category-title\">Category: <a href=\"https:\/\/casinhas.pe.leg.br\/v1\/category\/destaque\/\">Destaque<\/a><\/strong>\n<ul class=\"wsp-posts-list\">\t\t<li class=\"wsp-post\"><a href=\"https:\/\/casinhas.pe.leg.br\/v1\/a-camara-municipal-de-casinhas-deseja-uma-feliz-pascoa-a-todos-os-casinhenses\/\">A C\u00e2mara Municipal de Casinhas deseja uma Feliz P\u00e1scoa a todos os casinhenses<\/a><\/li>\n\t\t<li class=\"wsp-post\"><a href=\"https:\/\/casinhas.pe.leg.br\/v1\/sessao-solene-marca-posse-de-prefeito-em-casinhas-e-homenagem-da-camara-municipal\/\">Sess\u00e3o solene marca posse de prefeito em Casinhas e homenagem da C\u00e2mara Municipal<\/a><\/li>\n\t\t<li class=\"wsp-post\"><a href=\"https:\/\/casinhas.pe.leg.br\/v1\/camara-de-casinhas-realiza-sessao-solene-para-transmissao-de-cargo-do-executivo\/\">C\u00e2mara de Casinhas realiza sess\u00e3o solene para transmiss\u00e3o de cargo do Executivo<\/a><\/li>\n\t\t<li class=\"wsp-post\"><a href=\"https:\/\/casinhas.pe.leg.br\/v1\/camara-de-casinhas-realiza-sessao-extraordinaria\/\">C\u00e2mara de Casinhas realiza sess\u00e3o extraordin\u00e1ria<\/a><\/li>\n\t\t<li class=\"wsp-post\"><a href=\"https:\/\/casinhas.pe.leg.br\/v1\/audiencia-publica-da-saude-e-realizada-na-camara-de-casinhas-nesta-terca-feira24\/\">Audi\u00eancia p\u00fablica da sa\u00fade \u00e9 realizada na C\u00e2mara de Casinhas nesta ter\u00e7a-feira(24)<\/a><\/li>\n\t\t<li class=\"wsp-post\"><a href=\"https:\/\/casinhas.pe.leg.br\/v1\/camara-municipal-de-casinhas-presta-homenagem-as-servidoras-pelo-dia-internacional-da-mulher\/\">C\u00e2mara Municipal de Casinhas presta homenagem \u00e0s servidoras pelo Dia Internacional da Mulher<\/a><\/li>\n\t\t<li class=\"wsp-post\"><a href=\"https:\/\/casinhas.pe.leg.br\/v1\/camara-municipal-de-casinhas-retoma-sessoes-ordinarias-nesta-terca-feira-04\/\">C\u00e2mara Municipal de Casinhas retoma sess\u00f5es ordin\u00e1rias nesta ter\u00e7a-feira (04)<\/a><\/li>\n\t\t<li class=\"wsp-post\"><a href=\"https:\/\/casinhas.pe.leg.br\/v1\/camara-realiza-reuniao-extraordinaria-e-aprova-projetos-de-reajuste-salarial\/\">C\u00e2mara realiza Reuni\u00e3o Extraordin\u00e1ria e aprova projetos de reajuste salarial<\/a><\/li>\n\t\t<li class=\"wsp-post\"><a href=\"https:\/\/casinhas.pe.leg.br\/v1\/2089-2\/\">Blocos carnavalescos movimentam Casinhas e fortalecem a cultura local<\/a><\/li>\n\t\t<li class=\"wsp-post\"><a href=\"https:\/\/casinhas.pe.leg.br\/v1\/2083-2\/\">C\u00e2mara de Casinhas divulga calend\u00e1rio 2026 e retomar\u00e1 sess\u00f5es ordin\u00e1rias no dia 04 de mar\u00e7o<\/a><\/li>\n\t\t<li class=\"wsp-post\"><a href=\"https:\/\/casinhas.pe.leg.br\/v1\/2092-2\/\">C\u00e2mara de Casinhas inicia organiza\u00e7\u00e3o dos trabalhos legislativos de 2026<\/a><\/li>\n\t\t<li class=\"wsp-post\"><a href=\"https:\/\/casinhas.pe.leg.br\/v1\/camara-municipal-prestigia-abertura-do-festival-do-leite-quente-2025\/\">C\u00e2mara Municipal prestigia abertura do Festival do Leite Quente 2025<\/a><\/li>\n\t\t<li class=\"wsp-post\"><a href=\"https:\/\/casinhas.pe.leg.br\/v1\/nos-acompanhe-nas-redes-sociais-e-acompanhe-todas-as-noticias\/\">Nos acompanhe nas redes Sociais e acompanhe todas as Not\u00edcias!<\/a><\/li>\n\t\t<li class=\"wsp-post\"><a href=\"https:\/\/casinhas.pe.leg.br\/v1\/%f0%9f%97%93%ef%b8%8f-sessao-ordinaria-21-de-maio-as-09h\/\">\ud83d\uddd3\ufe0f Recesso Parlamentar at\u00e9 6 de agosto<\/a><\/li>\n\t\t<li class=\"wsp-post\"><a href=\"https:\/\/casinhas.pe.leg.br\/v1\/4a-sessao-ordinaria-de-2025-da-camara-de-casinhas-aprova-novos-projetos-e-homenageia-dia-das-maes\/\">4\u00aa Sess\u00e3o Ordin\u00e1ria de 2025 da C\u00e2mara de Casinhas Aprova Novos Projetos e Homenageia Dia das M\u00e3es<\/a><\/li>\n\t\t<li class=\"wsp-post\"><a href=\"https:\/\/casinhas.pe.leg.br\/v1\/presidente-da-camara-de-casinhas-participa-de-seminario-do-tce-pe-sobre-gestao-publica\/\">Presidente da C\u00e2mara de Casinhas Participa de Semin\u00e1rio do TCE-PE Sobre Gest\u00e3o P\u00fablica<\/a><\/li>\n<\/ul><\/li>\n\t<li><strong class=\"wsp-category-title\">Category: <a href=\"https:\/\/casinhas.pe.leg.br\/v1\/category\/noticias\/\">NOTICIAS<\/a><\/strong>\n<ul class=\"wsp-posts-list\">\t\t<li class=\"wsp-post\"><a href=\"https:\/\/casinhas.pe.leg.br\/v1\/camara-de-casinhas-celebra-entrega-da-cozinha-comunitaria-que-reforca-a-seguranca-alimentar-no-catole-de-napoleao\/\">C\u00e2mara de Casinhas Celebra Entrega da Cozinha Comunit\u00e1ria que Refor\u00e7a a Seguran\u00e7a Alimentar no Catol\u00e9 de Napole\u00e3o<\/a><\/li>\n\t\t<li class=\"wsp-post\"><a href=\"https:\/\/casinhas.pe.leg.br\/v1\/vereadores-de-casinhas-participam-de-encontro-nacional-de-gestores-em-recife\/\">Vereadores de Casinhas Participam de Encontro Nacional de Gestores em Recife<\/a><\/li>\n<\/ul><\/li>\n\t<li><strong class=\"wsp-category-title\">Category: <a href=\"https:\/\/casinhas.pe.leg.br\/v1\/category\/sem-categoria\/\">Sem categoria<\/a><\/strong>\n<ul class=\"wsp-posts-list\">\t\t<li class=\"wsp-post\"><a href=\"https:\/\/casinhas.pe.leg.br\/v1\/salarios-de-maio-ja-estao-disponiveis-para-os-servidores-da-camara-de-casinhas\/\">Sal\u00e1rios de Julho j\u00e1 Est\u00e3o Dispon\u00edveis para os Servidores da C\u00e2mara de Casinhas!<\/a><\/li>\n\t\t<li class=\"wsp-post\"><a href=\"https:\/\/casinhas.pe.leg.br\/v1\/%f0%9f%93%8d-5a-sessao-ordinaria-do-1o-periodo-da-8a-legislatura\/\">\ud83d\udccd 5\u00aa Sess\u00e3o Ordin\u00e1ria do 1\u00ba Per\u00edodo da 8\u00aa Legislatura<\/a><\/li>\n<\/ul><\/li>\n<\/ul>\n<\/div>\n\r\n\r\n<div class=\"wsp-container\"><h2 class=\"wsp-pages-title\">Pages<\/h2>\n<ul class=\"wsp-pages-list\">\n<li class=\"page_item page-item-1267\"><a href=\"https:\/\/casinhas.pe.leg.br\/v1\/acerca-da-camara-municipal\/\">Acerca da C\u00e2mara Municipal<\/a><\/li>\n<li class=\"page_item page-item-878\"><a href=\"https:\/\/casinhas.pe.leg.br\/v1\/atalhos-acessibilidade\/\">Atalhos \u2013 Acessibilidade<\/a><\/li>\n<li class=\"page_item page-item-1312\"><a href=\"https:\/\/casinhas.pe.leg.br\/v1\/bandeira-brasao-hino\/\">Bandeira \/ Bras\u00e3o \/ Hino<\/a><\/li>\n<li class=\"page_item page-item-1625\"><a href=\"https:\/\/casinhas.pe.leg.br\/v1\/comissoes-permanentes\/\">COMISS\u00d5ES PERMANENTES \u2013 EXERC\u00cdCIO 2026<\/a><\/li>\n<li class=\"page_item page-item-1309\"><a href=\"https:\/\/casinhas.pe.leg.br\/v1\/glossario\/\">Gloss\u00e1rio<\/a><\/li>\n<li class=\"page_item page-item-174\"><a href=\"https:\/\/casinhas.pe.leg.br\/v1\/historia-de-casinhas-pe\/\">Hist\u00f3ria de Casinhas &#8211; PE<\/a><\/li>\n<li class=\"page_item page-item-259\"><a href=\"https:\/\/casinhas.pe.leg.br\/v1\/legislativo\/\">Legislativo<\/a><\/li>\n<li class=\"page_item page-item-874\"><a href=\"https:\/\/casinhas.pe.leg.br\/v1\/mapa-do-site\/\">Mapa do Site<\/a><\/li>\n<li class=\"page_item page-item-1620\"><a href=\"https:\/\/casinhas.pe.leg.br\/v1\/mesa-diretora\/\">Mesa Diretora<\/a><\/li>\n<li class=\"page_item page-item-1263\"><a href=\"https:\/\/casinhas.pe.leg.br\/v1\/missao-valores-e-visao\/\">Miss\u00e3o, Valores E Vis\u00e3o<\/a><\/li>\n<li class=\"page_item page-item-1305\"><a href=\"https:\/\/casinhas.pe.leg.br\/v1\/perguntas-frequentes\/\">Perguntas Frequentes<\/a><\/li>\n<li class=\"page_item page-item-1579\"><a href=\"https:\/\/casinhas.pe.leg.br\/v1\/pesquisa-de-satisfacao\/\">PESQUISA DE SATISFA\u00c7\u00c3O<\/a><\/li>\n<li class=\"page_item page-item-1592\"><a href=\"https:\/\/casinhas.pe.leg.br\/v1\/regimento-interno\/\">Regimento Interno<\/a><\/li>\n<li class=\"page_item page-item-1768\"><a href=\"https:\/\/casinhas.pe.leg.br\/v1\/resultado-pesquisa-de-satisfacao\/\">Resultado Pesquisa de Satisfa\u00e7\u00e3o<\/a><\/li>\n<li class=\"page_item page-item-1774\"><a href=\"https:\/\/casinhas.pe.leg.br\/v1\/resultado-pesquisa-de-satisfacao-2\/\">Resultado Pesquisa de Satisfa\u00e7\u00e3o<\/a><\/li>\n<li class=\"page_item page-item-170\"><a href=\"https:\/\/casinhas.pe.leg.br\/v1\/vereadores\/\">Vereadores<\/a><\/li>\n<\/ul>\n<\/div>\n\r\n\r\n<div class=\"wsp-container\"><h2 class=\"wsp-vereadors-title\">Vereador<\/h2>\n<ul class=\"wsp-vereadors-list\">\n<li><a href=\"https:\/\/casinhas.pe.leg.br\/v1\/vereador\/maciel-sales\/\">Maciel Sales<\/a><\/li>\n<li><a href=\"https:\/\/casinhas.pe.leg.br\/v1\/vereador\/atilla-barbosa\/\">Atilla Barbosa<\/a><\/li>\n<li><a href=\"https:\/\/casinhas.pe.leg.br\/v1\/vereador\/charliane-de-amos\/\">Charliane De Am\u00f3s<\/a><\/li>\n<li><a href=\"https:\/\/casinhas.pe.leg.br\/v1\/vereador\/elias-de-muamba\/\">Elias De Muamba<\/a><\/li>\n<li><a href=\"https:\/\/casinhas.pe.leg.br\/v1\/vereador\/everaldo-barbosa\/\">Everaldo Barbosa<\/a><\/li>\n<li><a href=\"https:\/\/casinhas.pe.leg.br\/v1\/vereador\/evaldo-do-catole\/\">Evaldo Do Catol\u00e9<\/a><\/li>\n<li><a href=\"https:\/\/casinhas.pe.leg.br\/v1\/vereador\/nivaldo-silva\/\">Nivaldo Silva<\/a><\/li>\n<li><a href=\"https:\/\/casinhas.pe.leg.br\/v1\/vereador\/thiago-de-bengalas\/\">Thiago De Bengalas<\/a><\/li>\n<li><a href=\"https:\/\/casinhas.pe.leg.br\/v1\/vereador\/valdiane-do-junco\/\">Valdiane Do Junco<\/a><\/li>\n<\/ul>\n<\/div>\n","protected":false},"excerpt":{"rendered":"","protected":false},"author":8,"featured_media":0,"parent":0,"menu_order":0,"comment_status":"closed","ping_status":"closed","template":"page-mapa.php","meta":{"_acf_changed":false,"footnotes":""},"class_list":["post-874","page","type-page","status-publish","hentry","active"],"acf":[],"_links":{"self":[{"href":"https:\/\/casinhas.pe.leg.br\/v1\/wp-json\/wp\/v2\/pages\/874","targetHints":{"allow":["GET"]}}],"collection":[{"href":"https:\/\/casinhas.pe.leg.br\/v1\/wp-json\/wp\/v2\/pages"}],"about":[{"href":"https:\/\/casinhas.pe.leg.br\/v1\/wp-json\/wp\/v2\/types\/page"}],"author":[{"embeddable":true,"href":"https:\/\/casinhas.pe.leg.br\/v1\/wp-json\/wp\/v2\/users\/8"}],"replies":[{"embeddable":true,"href":"https:\/\/casinhas.pe.leg.br\/v1\/wp-json\/wp\/v2\/comments?post=874"}],"version-history":[{"count":1,"href":"https:\/\/casinhas.pe.leg.br\/v1\/wp-json\/wp\/v2\/pages\/874\/revisions"}],"predecessor-version":[{"id":1779,"href":"https:\/\/casinhas.pe.leg.br\/v1\/wp-json\/wp\/v2\/pages\/874\/revisions\/1779"}],"wp:attachment":[{"href":"https:\/\/casinhas.pe.leg.br\/v1\/wp-json\/wp\/v2\/media?parent=874"}],"curies":[{"name":"wp","href":"https:\/\/api.w.org\/{rel}","templated":true}]}}