{"id":1768,"date":"2025-07-14T18:59:35","date_gmt":"2025-07-14T21:59:35","guid":{"rendered":"https:\/\/casinhas.pe.leg.br\/v1\/?page_id=1768"},"modified":"2025-07-14T19:07:21","modified_gmt":"2025-07-14T22:07:21","slug":"resultado-pesquisa-de-satisfacao","status":"publish","type":"page","link":"https:\/\/casinhas.pe.leg.br\/v1\/resultado-pesquisa-de-satisfacao\/","title":{"rendered":"Resultado Pesquisa de Satisfa\u00e7\u00e3o"},"content":{"rendered":"<p data-start=\"185\" data-end=\"631\" data-raofz=\"18\"><span style=\"color: #ffffff;\">.<\/span><\/p>\r\n<p data-start=\"185\" data-end=\"631\" data-raofz=\"18\">A pesquisa de satisfa\u00e7\u00e3o \u00e9 uma ferramenta essencial para a prefeitura ouvir a popula\u00e7\u00e3o e melhorar os servi\u00e7os p\u00fablicos. Ao identificar o que est\u00e1 funcionando bem e o que precisa ser ajustado, a gest\u00e3o da C\u00e2mara Municipal pode planejar a\u00e7\u00f5es mais eficientes, promover transpar\u00eancia e garantir que as necessidades reais da comunidade sejam atendidas. Ouvir quem mais importa \u2014 o cidad\u00e3o \u2014 \u00e9 o primeiro passo para governar com responsabilidade e compromisso.<\/p>\r\n<p data-start=\"185\" data-end=\"631\" data-raofz=\"18\">Nesta p\u00e1gina, voc\u00ea confere o resultado da pesquisa de satisfa\u00e7\u00e3o realizada por essa Casa Legislativa, com dados coletados entre janeiro e julho de 2025.<\/p>\r\n<h3 data-start=\"185\" data-end=\"631\" data-raofz=\"24\"><a role=\"link\" href=\"https:\/\/casinhas.pe.leg.br\/v1\/wp-content\/uploads\/2025\/07\/resultado-pesquisa-de-satisfacao-camara-casinhas-2025.pdf\" rel=\"noopener\" data-raofz=\"24\"><em><strong>Acessar o Resultado Completo<\/strong><\/em><\/a><\/h3>\r\n<p>&nbsp;<\/p>\r\n\r\n<div data-wp-interactive=\"core\/file\" class=\"wp-block-file\"><object data-wp-bind--hidden=\"!state.hasPdfPreview\" hidden class=\"wp-block-file__embed\" style=\"width: 100%; height: 600px;\" data=\"https:\/\/casinhas.pe.leg.br\/v1\/wp-content\/uploads\/2025\/07\/resultado-pesquisa-de-satisfacao-camara-casinhas-2025.pdf\" type=\"application\/pdf\" width=\"300\" height=\"150\" aria-label=\"Incorporado de resultado-pesquisa-de-satisfacao.\" data-mce-fragment=\"1\"><\/object><a id=\"wp-block-file--media-a5d37710-d088-4e3c-8563-2a56540f03a0\" href=\"https:\/\/casinhas.pe.leg.br\/v1\/wp-content\/uploads\/2025\/07\/resultado-pesquisa-de-satisfacao-camara-casinhas-2025.pdf\">resultado-pesquisa-de-satisfacao<\/a><a class=\"wp-block-file__button wp-element-button\" href=\"https:\/\/casinhas.pe.leg.br\/v1\/wp-content\/uploads\/2025\/07\/resultado-pesquisa-de-satisfacao-camara-casinhas-2025.pdf\" download=\"\" aria-describedby=\"wp-block-file--media-a5d37710-d088-4e3c-8563-2a56540f03a0\">Baixar<\/a><\/div>\r\n","protected":false},"excerpt":{"rendered":"<p>. A pesquisa de satisfa\u00e7\u00e3o \u00e9 uma ferramenta essencial para a prefeitura ouvir a popula\u00e7\u00e3o e melhorar os servi\u00e7os p\u00fablicos. Ao identificar o que est\u00e1 <a class=\"leiamais\" href=\"https:\/\/casinhas.pe.leg.br\/v1\/resultado-pesquisa-de-satisfacao\/\"><i class=\"fa fa-angle-double-right\" aria-hidden=\"true\"><\/i><br \/>\n<\/a><\/p>\n","protected":false},"author":8,"featured_media":0,"parent":0,"menu_order":0,"comment_status":"closed","ping_status":"closed","template":"","meta":{"_acf_changed":false,"footnotes":""},"class_list":["post-1768","page","type-page","status-publish","hentry","active"],"acf":[],"_links":{"self":[{"href":"https:\/\/casinhas.pe.leg.br\/v1\/wp-json\/wp\/v2\/pages\/1768","targetHints":{"allow":["GET"]}}],"collection":[{"href":"https:\/\/casinhas.pe.leg.br\/v1\/wp-json\/wp\/v2\/pages"}],"about":[{"href":"https:\/\/casinhas.pe.leg.br\/v1\/wp-json\/wp\/v2\/types\/page"}],"author":[{"embeddable":true,"href":"https:\/\/casinhas.pe.leg.br\/v1\/wp-json\/wp\/v2\/users\/8"}],"replies":[{"embeddable":true,"href":"https:\/\/casinhas.pe.leg.br\/v1\/wp-json\/wp\/v2\/comments?post=1768"}],"version-history":[{"count":3,"href":"https:\/\/casinhas.pe.leg.br\/v1\/wp-json\/wp\/v2\/pages\/1768\/revisions"}],"predecessor-version":[{"id":1773,"href":"https:\/\/casinhas.pe.leg.br\/v1\/wp-json\/wp\/v2\/pages\/1768\/revisions\/1773"}],"wp:attachment":[{"href":"https:\/\/casinhas.pe.leg.br\/v1\/wp-json\/wp\/v2\/media?parent=1768"}],"curies":[{"name":"wp","href":"https:\/\/api.w.org\/{rel}","templated":true}]}}