{"id":174,"date":"2018-06-05T21:06:27","date_gmt":"2018-06-06T00:06:27","guid":{"rendered":"https:\/\/casinhas.pe.leg.br\/v1\/wp-admin\/?page_id=174"},"modified":"2025-04-23T09:58:34","modified_gmt":"2025-04-23T12:58:34","slug":"historia-de-casinhas-pe","status":"publish","type":"page","link":"https:\/\/casinhas.pe.leg.br\/v1\/historia-de-casinhas-pe\/","title":{"rendered":"Hist\u00f3ria de Casinhas &#8211; PE"},"content":{"rendered":"<p><span class=\"relative -mx-px my-[-0.2rem] rounded px-px py-[0.2rem] transition-colors duration-100 ease-in-out\">Casinhas \u00e9 um munic\u00edpio brasileiro localizado no estado de Pernambuco, na regi\u00e3o Agreste.<\/span> <span class=\"relative -mx-px my-[-0.2rem] rounded px-px py-[0.2rem] transition-colors duration-100 ease-in-out\">Sua hist\u00f3ria remonta ao final do s\u00e9culo XIX, quando, por volta de 1890, uma senhora com defici\u00eancia f\u00edsica estabeleceu-se em uma casinha de palha situada entre Bom Jardim e a mata local, oferecendo abrigo aos viajantes.<\/span> <span class=\"relative -mx-px my-[-0.2rem] rounded px-px py-[0.2rem] transition-colors duration-100 ease-in-out\">Esse pequeno n\u00facleo habitacional deu origem ao nome &#8220;Casinhas&#8221;.<\/span> <span class=\"relative -mx-px my-[-0.2rem] rounded px-px py-[0.2rem] transition-colors duration-100 ease-in-out\">Em 1894, o professor Jos\u00e9 Merim construiu uma capela dedicada a Nossa Senhora das Dores, atual padroeira da cidade.<\/span><\/p>\n<p><span class=\"relative -mx-px my-[-0.2rem] rounded px-px py-[0.2rem] transition-colors duration-100 ease-in-out\">O munic\u00edpio foi criado como distrito por meio das Leis Municipais n\u00ba 46, de 16 de dezembro de 1925, e n\u00ba 2, de 16 de novembro de 1929, subordinado ao munic\u00edpio de Surubim.<\/span> <span class=\"relative -mx-px my-[-0.2rem] rounded px-px py-[0.2rem] transition-colors duration-100 ease-in-out\">Em 12 de julho de 1995, a Lei Estadual n\u00ba 11.228 elevou Casinhas \u00e0 categoria de munic\u00edpio, com base na Lei Complementar n\u00ba 15, de 1990, que permitia a emancipa\u00e7\u00e3o de munic\u00edpios que atendesse a crit\u00e9rios espec\u00edficos, como popula\u00e7\u00e3o superior a 10 mil habitantes e eleitorado superior a 30% da popula\u00e7\u00e3o.<\/span> <span class=\"relative -mx-px my-[-0.2rem] rounded px-px py-[0.2rem] transition-colors duration-100 ease-in-out\">A instala\u00e7\u00e3o oficial ocorreu em 1\u00ba de janeiro de 1997.<\/span><\/p>\n<p><strong>Geografia<\/strong><\/p>\n<p>Localiza-se a uma latitude 07\u00ba44&#8217;28&#8221; sul e a uma longitude 35\u00ba43&#8217;16&#8221; oeste.<\/p>\n<p>O munic\u00edpio est\u00e1 inclu\u00eddo na \u00e1rea geogr\u00e1fica de abrang\u00eancia do semi\u00e1rido brasileiro, definida pelo Minist\u00e9rio da Integra\u00e7\u00e3o Nacional em 2005.[7] Esta delimita\u00e7\u00e3o tem como crit\u00e9rios o \u00edndice pluviom\u00e9trico inferior a 800 mm, o \u00edndice de aridez at\u00e9 0,5 e o risco de seca maior que 60%.<\/p>\n<p><strong>Relevo<\/strong><\/p>\n<p>O munic\u00edpio de Casinhas insere-se nas \u00c1reas Desgastadas do Planalto da Borborema, composto por maci\u00e7os e outeiros altos.<\/p>\n<p><strong>Vegeta\u00e7\u00e3o<\/strong><\/p>\n<p>A vegeta\u00e7\u00e3o do munic\u00edpio \u00e9 a caatinga hipoxer\u00f3fila (ZANE \u2013 Zoneamento Agroecol\u00f3gico do Nordeste \u2013 EMBRAPA\/2000).<br \/>\nHidrografia<\/p>\n<p>O munic\u00edpio insere-se na bacia hidrogr\u00e1fica do rio Capibaribe. Os recursos h\u00eddricos dominantes s\u00e3o afluentes da bacia do rio Capibaribe, sobretudo o rio Caiai e os Riachos Gado Bravo e do Pato seus principais afluentes na \u00e1rea. O rio Capibaribe \u00e9 perene e de baixa vaz\u00e3o no munic\u00edpio. Todos os seus afluentes e subafluentes neste trecho possuem regime intermitente.<\/p>\n<p><strong>Territ\u00f3rio<\/strong><\/p>\n<p>Em 2023, a \u00e1rea do munic\u00edpio era de 116,833 km\u00b2, o que o coloca na posi\u00e7\u00e3o 151 de 185 entre os munic\u00edpios do estado e 4988 de 5570 entre todos os munic\u00edpios.<\/p>\n<p><strong>Popula\u00e7\u00e3o<\/strong><\/p>\n<p>Em 2022, a popula\u00e7\u00e3o era de 12.967 habitantes e a densidade demogr\u00e1fica era de 111,91 habitantes por quil\u00f4metro quadrado. Na compara\u00e7\u00e3o com outros munic\u00edpios do estado, ficava nas posi\u00e7\u00f5es 144 e 67 de 185. J\u00e1 na compara\u00e7\u00e3o com munic\u00edpios de todo o pa\u00eds, ficava nas posi\u00e7\u00f5es 2520 e 690 de 5570.<\/p>\n<p><strong>Educa\u00e7\u00e3o<\/strong><\/p>\n<p>Em rela\u00e7\u00e3o ao IDEB, no ano de 2023, o IDEB para os anos iniciais do ensino fundamental na rede p\u00fablica era 8 e para os anos finais, de 6,7. Na compara\u00e7\u00e3o com outros munic\u00edpios do estado, ficava nas posi\u00e7\u00f5es 2 e 1 de 185. J\u00e1 na compara\u00e7\u00e3o com munic\u00edpios de todo o pa\u00eds, ficava nas posi\u00e7\u00f5es 51 e 24 de 5570.<\/p>\n<p><strong>Sa\u00fade<\/strong><\/p>\n<p>A taxa de mortalidade infantil m\u00e9dia na cidade \u00e9 de (n\u00e3o h\u00e1 dados) para 1.000 nascidos vivos. As interna\u00e7\u00f5es devido a diarreias s\u00e3o de 23,1 para cada 1.000 habitantes. Comparado com todos os munic\u00edpios do estado, fica nas posi\u00e7\u00f5es (n\u00e3o h\u00e1 dados) de 185 e 64 de 185, respectivamente. Quando comparado a cidades do Brasil todo, essas posi\u00e7\u00f5es s\u00e3o de (n\u00e3o h\u00e1 dados) de 5570 e 1530 de 5570, respectivamente.<\/p>\n<p>&nbsp;<\/p>\n<p>&nbsp;<\/p>\n<p>&nbsp;<\/p>\n","protected":false},"excerpt":{"rendered":"<p>Casinhas \u00e9 um munic\u00edpio brasileiro localizado no estado de Pernambuco, na regi\u00e3o Agreste. Sua hist\u00f3ria remonta ao final do s\u00e9culo XIX, quando, por volta de <a class=\"leiamais\" href=\"https:\/\/casinhas.pe.leg.br\/v1\/historia-de-casinhas-pe\/\"><i class=\"fa fa-angle-double-right\" aria-hidden=\"true\"><\/i><br \/>\n<\/a><\/p>\n","protected":false},"author":8,"featured_media":0,"parent":0,"menu_order":0,"comment_status":"closed","ping_status":"closed","template":"municipio.php","meta":{"_acf_changed":false,"footnotes":""},"class_list":["post-174","page","type-page","status-publish","hentry","active"],"acf":[],"_links":{"self":[{"href":"https:\/\/casinhas.pe.leg.br\/v1\/wp-json\/wp\/v2\/pages\/174","targetHints":{"allow":["GET"]}}],"collection":[{"href":"https:\/\/casinhas.pe.leg.br\/v1\/wp-json\/wp\/v2\/pages"}],"about":[{"href":"https:\/\/casinhas.pe.leg.br\/v1\/wp-json\/wp\/v2\/types\/page"}],"author":[{"embeddable":true,"href":"https:\/\/casinhas.pe.leg.br\/v1\/wp-json\/wp\/v2\/users\/8"}],"replies":[{"embeddable":true,"href":"https:\/\/casinhas.pe.leg.br\/v1\/wp-json\/wp\/v2\/comments?post=174"}],"version-history":[{"count":3,"href":"https:\/\/casinhas.pe.leg.br\/v1\/wp-json\/wp\/v2\/pages\/174\/revisions"}],"predecessor-version":[{"id":1595,"href":"https:\/\/casinhas.pe.leg.br\/v1\/wp-json\/wp\/v2\/pages\/174\/revisions\/1595"}],"wp:attachment":[{"href":"https:\/\/casinhas.pe.leg.br\/v1\/wp-json\/wp\/v2\/media?parent=174"}],"curies":[{"name":"wp","href":"https:\/\/api.w.org\/{rel}","templated":true}]}}