{"id":1625,"date":"2025-05-13T10:04:51","date_gmt":"2025-05-13T13:04:51","guid":{"rendered":"https:\/\/casinhas.pe.leg.br\/v1\/?page_id=1625"},"modified":"2026-03-18T11:55:02","modified_gmt":"2026-03-18T14:55:02","slug":"comissoes-permanentes","status":"publish","type":"page","link":"https:\/\/casinhas.pe.leg.br\/v1\/comissoes-permanentes\/","title":{"rendered":"COMISS\u00d5ES PERMANENTES \u2013 EXERC\u00cdCIO 2026"},"content":{"rendered":"<h3 style=\"text-align: left;\"><strong>I &#8211; COMISS\u00c3O DE CONSTITUI\u00c7\u00c3O, JUSTI\u00c7A E REDA\u00c7\u00c3O E LEIS<\/strong>:<\/h3>\n<p>&nbsp;<\/p>\n<div id=\"attachment_2131\" style=\"width: 160px\" class=\"wp-caption alignleft\"><img loading=\"lazy\" decoding=\"async\" aria-describedby=\"caption-attachment-2131\" class=\"img-responsive wp-image-2131 size-full\" src=\"https:\/\/casinhas.pe.leg.br\/v1\/wp-content\/uploads\/2026\/03\/valdiane-1.png\" alt=\"\" width=\"150\" height=\"150\" \/><p id=\"caption-attachment-2131\" class=\"wp-caption-text\">Presidente<\/p><\/div>\n<div id=\"attachment_2132\" style=\"width: 160px\" class=\"wp-caption alignleft\"><img loading=\"lazy\" decoding=\"async\" aria-describedby=\"caption-attachment-2132\" class=\"img-responsive wp-image-2132 size-full\" src=\"https:\/\/casinhas.pe.leg.br\/v1\/wp-content\/uploads\/2026\/03\/thiago.png\" alt=\"\" width=\"150\" height=\"150\" \/><p id=\"caption-attachment-2132\" class=\"wp-caption-text\">Relator<\/p><\/div>\n<div id=\"attachment_2143\" style=\"width: 160px\" class=\"wp-caption alignleft\"><img loading=\"lazy\" decoding=\"async\" aria-describedby=\"caption-attachment-2143\" class=\"img-responsive wp-image-2143 size-full\" src=\"https:\/\/casinhas.pe.leg.br\/v1\/wp-content\/uploads\/2026\/03\/evaldo-1.png\" alt=\"\" width=\"150\" height=\"150\" \/><p id=\"caption-attachment-2143\" class=\"wp-caption-text\">Membro<\/p><\/div>\n<p>&nbsp;<\/p>\n<p>&nbsp;<\/p>\n<p>&nbsp;<\/p>\n<p>&nbsp;<\/p>\n<p>&nbsp;<\/p>\n<p>&nbsp;<\/p>\n<p>&nbsp;<\/p>\n<p>Presidente: <a href=\"https:\/\/casinhas.pe.leg.br\/v1\/vereador\/valdiane-do-junco\/\">VALDIANE DE SANTANA DUDA BARBOSA<\/a><\/p>\n<p>Relator: <a href=\"https:\/\/casinhas.pe.leg.br\/v1\/vereador\/thiago-de-bengalas\/\">THIAGO DOS SANTOS SALVINO<\/a><\/p>\n<p>Membro: <a href=\"https:\/\/casinhas.pe.leg.br\/v1\/vereador\/evaldo-do-catole\/\">EVALDO LIMA DE SANTANA<\/a><\/p>\n<p>&nbsp;<\/p>\n<h4>COMPET\u00caNCIAS:<\/h4>\n<p style=\"text-align: left;\"><strong>Art. 59 <\/strong>&#8211; Compete \u00e0 Comiss\u00e3o de CONSTITUI\u00c7\u00c3O JUSTI\u00c7A e REDA\u00c7\u00c3O DE LEIS manifestar-se em Parecer sobre todas as mat\u00e9rias levadas ao seu exame, ap\u00f3s devida an\u00e1lise envolvendo os aspectos Constitucional, legal, jur\u00eddico, de reda\u00e7\u00e3o, t\u00e9cnica legislativa e ainda nos assuntos que abordem direitos e deveres de cidadania.<\/p>\n<p style=\"text-align: left;\"><strong>Par\u00e1grafo \u00fanico &#8211;<\/strong> O Parecer exarado pela Comiss\u00e3o poder\u00e1 abordar ainda o m\u00e9rito nos assuntos levados ao seu exame, compreendendo o prisma de sua conveni\u00eancia, utilidade e oportunidade.<\/p>\n<p>&nbsp;<\/p>\n<h3><strong><span class=\"s2\">II &#8211; COMISS\u00c3O DE FINAN\u00c7AS E OR\u00c7AMENT<\/span><span class=\"s2\">O<\/span><span class=\"s2\"> E INFRAESTRUTURA:<\/span><\/strong><\/h3>\n<p>&nbsp;<\/p>\n<div id=\"attachment_2144\" style=\"width: 160px\" class=\"wp-caption alignleft\"><img loading=\"lazy\" decoding=\"async\" aria-describedby=\"caption-attachment-2144\" class=\"img-responsive wp-image-2144 size-full\" src=\"https:\/\/casinhas.pe.leg.br\/v1\/wp-content\/uploads\/2026\/03\/everaldo.png\" alt=\"\" width=\"150\" height=\"150\" \/><p id=\"caption-attachment-2144\" class=\"wp-caption-text\">Presidente<\/p><\/div>\n<div id=\"attachment_2132\" style=\"width: 160px\" class=\"wp-caption alignleft\"><img loading=\"lazy\" decoding=\"async\" aria-describedby=\"caption-attachment-2132\" class=\"img-responsive wp-image-2132 size-full\" src=\"https:\/\/casinhas.pe.leg.br\/v1\/wp-content\/uploads\/2026\/03\/thiago.png\" alt=\"\" width=\"150\" height=\"150\" \/><p id=\"caption-attachment-2132\" class=\"wp-caption-text\">Relator<\/p><\/div>\n<div id=\"attachment_2145\" style=\"width: 160px\" class=\"wp-caption alignleft\"><img loading=\"lazy\" decoding=\"async\" aria-describedby=\"caption-attachment-2145\" class=\"img-responsive wp-image-2145 size-full\" src=\"https:\/\/casinhas.pe.leg.br\/v1\/wp-content\/uploads\/2026\/03\/charliane.png\" alt=\"\" width=\"150\" height=\"150\" \/><p id=\"caption-attachment-2145\" class=\"wp-caption-text\">Membro<\/p><\/div>\n<p>&nbsp;<\/p>\n<p>&nbsp;<\/p>\n<p>&nbsp;<\/p>\n<p>&nbsp;<\/p>\n<p>&nbsp;<\/p>\n<p>&nbsp;<\/p>\n<p>&nbsp;<\/p>\n<p>Presidente: <a href=\"https:\/\/casinhas.pe.leg.br\/v1\/vereador\/everaldo-barbosa\/\">JOSE EVERALDO BARBOSA LEAL<\/a><\/p>\n<p>Relator: <a href=\"https:\/\/casinhas.pe.leg.br\/v1\/vereador\/thiago-de-bengalas\/\">THIAGO DOS SANTOS SALVINO<\/a><\/p>\n<p>Membro: <a href=\"https:\/\/casinhas.pe.leg.br\/v1\/vereador\/charliane-de-amos\/\">CHARLIANE GOMES DA SILVA<\/a><\/p>\n<p>&nbsp;<\/p>\n<h4>COMPET\u00caNCIAS:<\/h4>\n<p><strong>Art. 60<\/strong> &#8211; Compete \u00e0 Comiss\u00e3o de FINAN\u00c7AS, OR\u00c7AMENTO e INFRAESTRUTURA, opinar sobre mat\u00e9rias referentes ao plano diretor, a quaisquer obras, empreendimentos e execu\u00e7\u00e3o de servi\u00e7os p\u00fablicos, loteamentos, urbaniza\u00e7\u00f5es, tr\u00e2nsito e ainda sobre todas as mat\u00e9rias que abranjam quest\u00f5es financeiras em geral e de fiscaliza\u00e7\u00e3o.<\/p>\n<p><strong>Par\u00e1grafo \u00fanico &#8211;<\/strong> Compete ainda, privativamente a Comiss\u00e3o de Finan\u00e7as, Or\u00e7amento e Infraestrutura a realiza\u00e7\u00e3o de audi\u00eancias p\u00fablicas sobre projetos que versam sobre o Plano Plurianual, Diretrizes Or\u00e7ament\u00e1rias e Or\u00e7amento.<\/p>\n<p>&nbsp;<\/p>\n<h3><strong><span class=\"s2\">III &#8211; COMISS\u00c3O DE EDUCA\u00c7\u00c3O CULTURA E ESPORTE, SA\u00daDE E A\u00c7\u00c3O SOCIAL:<\/span><\/strong><\/h3>\n<p>&nbsp;<\/p>\n<div id=\"attachment_2146\" style=\"width: 160px\" class=\"wp-caption alignleft\"><img loading=\"lazy\" decoding=\"async\" aria-describedby=\"caption-attachment-2146\" class=\"img-responsive wp-image-2146 size-full\" src=\"https:\/\/casinhas.pe.leg.br\/v1\/wp-content\/uploads\/2026\/03\/charliane-1.png\" alt=\"\" width=\"150\" height=\"150\" \/><p id=\"caption-attachment-2146\" class=\"wp-caption-text\">Presidente<\/p><\/div>\n<div id=\"attachment_2147\" style=\"width: 160px\" class=\"wp-caption alignleft\"><img loading=\"lazy\" decoding=\"async\" aria-describedby=\"caption-attachment-2147\" class=\"img-responsive wp-image-2147 size-full\" src=\"https:\/\/casinhas.pe.leg.br\/v1\/wp-content\/uploads\/2026\/03\/nivaldo.png\" alt=\"\" width=\"150\" height=\"150\" \/><p id=\"caption-attachment-2147\" class=\"wp-caption-text\">Nivaldo<\/p><\/div>\n<div id=\"attachment_2143\" style=\"width: 160px\" class=\"wp-caption alignleft\"><img loading=\"lazy\" decoding=\"async\" aria-describedby=\"caption-attachment-2143\" class=\"img-responsive wp-image-2143 size-full\" src=\"https:\/\/casinhas.pe.leg.br\/v1\/wp-content\/uploads\/2026\/03\/evaldo-1.png\" alt=\"\" width=\"150\" height=\"150\" \/><p id=\"caption-attachment-2143\" class=\"wp-caption-text\">Membro<\/p><\/div>\n<p>&nbsp;<\/p>\n<p>&nbsp;<\/p>\n<p>&nbsp;<\/p>\n<p>&nbsp;<\/p>\n<p>&nbsp;<\/p>\n<p>&nbsp;<\/p>\n<p>&nbsp;<\/p>\n<p>Presidente: <a href=\"https:\/\/casinhas.pe.leg.br\/v1\/vereador\/charliane-de-amos\/\">CHARLIANE GOMES DA SILVA<\/a><\/p>\n<p>Relator: <a href=\"https:\/\/casinhas.pe.leg.br\/v1\/vereador\/nivaldo-silva\/\">JOS\u00c9 NIVALDO PEREIRA DA SILVA<\/a><\/p>\n<p>Membro: <a href=\"https:\/\/casinhas.pe.leg.br\/v1\/vereador\/evaldo-do-catole\/\">EVALDO LIMA DE SANTANA<\/a><\/p>\n<p>&nbsp;<\/p>\n<h4>COMPET\u00caNCIAS:<\/h4>\n<p><strong>Art. 61<\/strong> &#8211; Compete \u00e0 comiss\u00e3o de EDUCA\u00c7\u00c3O CULTURA, ESPORTES e SA\u00daDE e A\u00c7\u00c3O SOCIAL examinar e exarar parecer sobre todos os assuntos que compreendam quest\u00f5es de sa\u00fade, educa\u00e7\u00e3o e cultura, esporte, turismo, direitos humanos, meio ambiente e assist\u00eancia social.<\/p>\n<p>&nbsp;<\/p>\n","protected":false},"excerpt":{"rendered":"<p>I &#8211; COMISS\u00c3O DE CONSTITUI\u00c7\u00c3O, JUSTI\u00c7A E REDA\u00c7\u00c3O E LEIS: &nbsp; &nbsp; &nbsp; &nbsp; &nbsp; &nbsp; &nbsp; &nbsp; Presidente: VALDIANE DE SANTANA DUDA BARBOSA Relator: <a class=\"leiamais\" href=\"https:\/\/casinhas.pe.leg.br\/v1\/comissoes-permanentes\/\"><i class=\"fa fa-angle-double-right\" aria-hidden=\"true\"><\/i><br \/>\n<\/a><\/p>\n","protected":false},"author":8,"featured_media":0,"parent":0,"menu_order":0,"comment_status":"closed","ping_status":"closed","template":"","meta":{"_acf_changed":false,"footnotes":""},"class_list":["post-1625","page","type-page","status-publish","hentry","active"],"acf":[],"_links":{"self":[{"href":"https:\/\/casinhas.pe.leg.br\/v1\/wp-json\/wp\/v2\/pages\/1625","targetHints":{"allow":["GET"]}}],"collection":[{"href":"https:\/\/casinhas.pe.leg.br\/v1\/wp-json\/wp\/v2\/pages"}],"about":[{"href":"https:\/\/casinhas.pe.leg.br\/v1\/wp-json\/wp\/v2\/types\/page"}],"author":[{"embeddable":true,"href":"https:\/\/casinhas.pe.leg.br\/v1\/wp-json\/wp\/v2\/users\/8"}],"replies":[{"embeddable":true,"href":"https:\/\/casinhas.pe.leg.br\/v1\/wp-json\/wp\/v2\/comments?post=1625"}],"version-history":[{"count":53,"href":"https:\/\/casinhas.pe.leg.br\/v1\/wp-json\/wp\/v2\/pages\/1625\/revisions"}],"predecessor-version":[{"id":2149,"href":"https:\/\/casinhas.pe.leg.br\/v1\/wp-json\/wp\/v2\/pages\/1625\/revisions\/2149"}],"wp:attachment":[{"href":"https:\/\/casinhas.pe.leg.br\/v1\/wp-json\/wp\/v2\/media?parent=1625"}],"curies":[{"name":"wp","href":"https:\/\/api.w.org\/{rel}","templated":true}]}}