{"id":1579,"date":"2025-04-07T11:46:46","date_gmt":"2025-04-07T14:46:46","guid":{"rendered":"https:\/\/casinhas.pe.leg.br\/v1\/?page_id=1579"},"modified":"2025-04-07T11:47:39","modified_gmt":"2025-04-07T14:47:39","slug":"pesquisa-de-satisfacao","status":"publish","type":"page","link":"https:\/\/casinhas.pe.leg.br\/v1\/pesquisa-de-satisfacao\/","title":{"rendered":"PESQUISA DE SATISFA\u00c7\u00c3O"},"content":{"rendered":"<div class=\"wpforms-container wpforms-container-full\" id=\"wpforms-1576\"><form id=\"wpforms-form-1576\" class=\"wpforms-validate wpforms-form wpforms-ajax-form\" data-formid=\"1576\" method=\"post\" enctype=\"multipart\/form-data\" action=\"\/v1\/wp-json\/wp\/v2\/pages\/1579\" data-token=\"a2f526e026bc5b6088800ad6d5c925a7\"><noscript class=\"wpforms-error-noscript\">Ative o JavaScript no seu navegador para preencher este formul\u00e1rio.<\/noscript><div class=\"wpforms-page-indicator progress\" data-indicator=\"progress\" data-indicator-color=\"#066aab\" data-scroll=\"1\"><span class=\"wpforms-page-indicator-page-title\" ><\/span><span class=\"wpforms-page-indicator-page-title-sep\" style=\"display:none;\"> - <\/span><span class=\"wpforms-page-indicator-steps\">Passo <span class=\"wpforms-page-indicator-steps-current\">1<\/span> de 3<\/span><div class=\"wpforms-page-indicator-page-progress-wrap\"><div class=\"wpforms-page-indicator-page-progress\" style=\"width:33.333333333333%;background-color:#066aab\"><\/div><\/div><\/div><div class=\"wpforms-field-container\"><div class=\"wpforms-page wpforms-page-1 \" data-page=\"1\"><div id=\"wpforms-1576-field_3-container\" class=\"wpforms-field wpforms-field-pagebreak\" data-field-id=\"3\"><\/div><div id=\"wpforms-1576-field_1-container\" class=\"wpforms-field wpforms-field-content\" data-field-id=\"1\"><div id=\"wpforms-1576-field_1\" class=\"wpforms-field-large wpforms-field-row\" name=\"wpforms[fields][1]\"><h4>Prezado cidad\u00e3o,<\/h4>\n<p>para melhor atender a sua demanda e aprimorar os servi\u00e7os prestados por n\u00f3s, gostar\u00edamos que respondesse algumas perguntas para medir sua satisfa\u00e7\u00e3o e, com isso, propor melhorias aos \u00f3rg\u00e3os internos sobre os servi\u00e7os avaliados.<\/p>\n<p>Esta pesquisa de satisfa\u00e7\u00e3o \u00e9 de car\u00e1ter avaliativo e interno. Os dados disponibilizados neste formul\u00e1rio ser\u00e3o utilizados apenas para constru\u00e7\u00e3o de relat\u00f3rios em formatos estat\u00edsticos e divulgados na internet para cumprimento de norma legal.<\/p>\n<p>Agradecemos, antecipadamente, por sua participa\u00e7\u00e3o!<\/p>\n<div class=\"wpforms-field-content-display-frontend-clear\"><\/div><\/div><\/div><div id=\"wpforms-1576-field_2-container\" class=\"wpforms-field wpforms-field-pagebreak\" data-field-id=\"2\"><div class=\"wpforms-clear wpforms-pagebreak-left\"><button class=\"wpforms-page-button wpforms-page-next\" data-action=\"next\" data-page=\"1\" data-formid=\"1576\" disabled>Seguinte<\/button><\/div><\/div><\/div><div class=\"wpforms-page wpforms-page-2  \" data-page=\"2\" style=\"display:none;\"><div id=\"wpforms-1576-field_27-container\" class=\"wpforms-field wpforms-field-radio\" data-field-id=\"27\"><label class=\"wpforms-field-label\" for=\"wpforms-1576-field_27\">1. Como voc\u00ea avalia as informa\u00e7\u00f5es contidas no site da C\u00e2mara? <span class=\"wpforms-required-label\">*<\/span><\/label><ul id=\"wpforms-1576-field_27\" class=\"wpforms-field-required\"><li class=\"choice-1 depth-1\"><input type=\"radio\" id=\"wpforms-1576-field_27_1\" name=\"wpforms[fields][27]\" value=\"Muito Satisfeito(a)\" required ><label class=\"wpforms-field-label-inline\" for=\"wpforms-1576-field_27_1\">Muito Satisfeito(a)<\/label><\/li><li class=\"choice-2 depth-1\"><input type=\"radio\" id=\"wpforms-1576-field_27_2\" name=\"wpforms[fields][27]\" value=\"Satisfeito(a)\" required ><label class=\"wpforms-field-label-inline\" for=\"wpforms-1576-field_27_2\">Satisfeito(a)<\/label><\/li><li class=\"choice-3 depth-1\"><input type=\"radio\" id=\"wpforms-1576-field_27_3\" name=\"wpforms[fields][27]\" value=\"Insatisfeito(a)\" required ><label class=\"wpforms-field-label-inline\" for=\"wpforms-1576-field_27_3\">Insatisfeito(a)<\/label><\/li><li class=\"choice-4 depth-1\"><input type=\"radio\" id=\"wpforms-1576-field_27_4\" name=\"wpforms[fields][27]\" value=\"Muito insatisfeito(a)\" required ><label class=\"wpforms-field-label-inline\" for=\"wpforms-1576-field_27_4\">Muito insatisfeito(a)<\/label><\/li><li class=\"choice-5 depth-1\"><input type=\"radio\" id=\"wpforms-1576-field_27_5\" name=\"wpforms[fields][27]\" value=\"Nem satisfeito nem insatisfeito\" required ><label class=\"wpforms-field-label-inline\" for=\"wpforms-1576-field_27_5\">Nem satisfeito nem insatisfeito<\/label><\/li><\/ul><\/div><div id=\"wpforms-1576-field_28-container\" class=\"wpforms-field wpforms-field-radio\" data-field-id=\"28\"><label class=\"wpforms-field-label\" for=\"wpforms-1576-field_28\">2. Como voc\u00ea avalia as informa\u00e7\u00f5es contidas no nosso portal da Transpar\u00eancia? <span class=\"wpforms-required-label\">*<\/span><\/label><ul id=\"wpforms-1576-field_28\" class=\"wpforms-field-required\"><li class=\"choice-1 depth-1\"><input type=\"radio\" id=\"wpforms-1576-field_28_1\" name=\"wpforms[fields][28]\" value=\"Muito Satisfeito(a)\" required ><label class=\"wpforms-field-label-inline\" for=\"wpforms-1576-field_28_1\">Muito Satisfeito(a)<\/label><\/li><li class=\"choice-2 depth-1\"><input type=\"radio\" id=\"wpforms-1576-field_28_2\" name=\"wpforms[fields][28]\" value=\"Satisfeito(a)\" required ><label class=\"wpforms-field-label-inline\" for=\"wpforms-1576-field_28_2\">Satisfeito(a)<\/label><\/li><li class=\"choice-3 depth-1\"><input type=\"radio\" id=\"wpforms-1576-field_28_3\" name=\"wpforms[fields][28]\" value=\"Insatisfeito(a)\" required ><label class=\"wpforms-field-label-inline\" for=\"wpforms-1576-field_28_3\">Insatisfeito(a)<\/label><\/li><li class=\"choice-4 depth-1\"><input type=\"radio\" id=\"wpforms-1576-field_28_4\" name=\"wpforms[fields][28]\" value=\"Muito insatisfeito(a)\" required ><label class=\"wpforms-field-label-inline\" for=\"wpforms-1576-field_28_4\">Muito insatisfeito(a)<\/label><\/li><li class=\"choice-5 depth-1\"><input type=\"radio\" id=\"wpforms-1576-field_28_5\" name=\"wpforms[fields][28]\" value=\"Nem satisfeito nem insatisfeito\" required ><label class=\"wpforms-field-label-inline\" for=\"wpforms-1576-field_28_5\">Nem satisfeito nem insatisfeito<\/label><\/li><\/ul><\/div><div id=\"wpforms-1576-field_29-container\" class=\"wpforms-field wpforms-field-radio\" data-field-id=\"29\"><label class=\"wpforms-field-label\" for=\"wpforms-1576-field_29\">3. Como voc\u00ea avalia o atendimento do Servi\u00e7o de informa\u00e7\u00e3o ao Cidad\u00e3o?  <span class=\"wpforms-required-label\">*<\/span><\/label><ul id=\"wpforms-1576-field_29\" class=\"wpforms-field-required\"><li class=\"choice-1 depth-1\"><input type=\"radio\" id=\"wpforms-1576-field_29_1\" name=\"wpforms[fields][29]\" value=\"Muito Satisfeito(a)\" required ><label class=\"wpforms-field-label-inline\" for=\"wpforms-1576-field_29_1\">Muito Satisfeito(a)<\/label><\/li><li class=\"choice-2 depth-1\"><input type=\"radio\" id=\"wpforms-1576-field_29_2\" name=\"wpforms[fields][29]\" value=\"Satisfeito(a)\" required ><label class=\"wpforms-field-label-inline\" for=\"wpforms-1576-field_29_2\">Satisfeito(a)<\/label><\/li><li class=\"choice-3 depth-1\"><input type=\"radio\" id=\"wpforms-1576-field_29_3\" name=\"wpforms[fields][29]\" value=\"Insatisfeito(a)\" required ><label class=\"wpforms-field-label-inline\" for=\"wpforms-1576-field_29_3\">Insatisfeito(a)<\/label><\/li><li class=\"choice-4 depth-1\"><input type=\"radio\" id=\"wpforms-1576-field_29_4\" name=\"wpforms[fields][29]\" value=\"Muito insatisfeito(a)\" required ><label class=\"wpforms-field-label-inline\" for=\"wpforms-1576-field_29_4\">Muito insatisfeito(a)<\/label><\/li><li class=\"choice-5 depth-1\"><input type=\"radio\" id=\"wpforms-1576-field_29_5\" name=\"wpforms[fields][29]\" value=\"Nem satisfeito nem insatisfeito\" required ><label class=\"wpforms-field-label-inline\" for=\"wpforms-1576-field_29_5\">Nem satisfeito nem insatisfeito<\/label><\/li><\/ul><\/div><div id=\"wpforms-1576-field_24-container\" class=\"wpforms-field wpforms-field-pagebreak\" data-field-id=\"24\"><div class=\"wpforms-clear wpforms-pagebreak-left\"><button class=\"wpforms-page-button wpforms-page-next\" data-action=\"next\" data-page=\"2\" data-formid=\"1576\" disabled>Seguinte<\/button><\/div><\/div><\/div><div class=\"wpforms-page wpforms-page-3 last \" data-page=\"3\" style=\"display:none;\"><div id=\"wpforms-1576-field_26-container\" class=\"wpforms-field wpforms-field-checkbox\" data-field-id=\"26\"><label class=\"wpforms-field-label\" for=\"wpforms-1576-field_26\">Pol\u00edtica de privacidade e Cookies <span class=\"wpforms-required-label\">*<\/span><\/label><ul id=\"wpforms-1576-field_26\" class=\"wpforms-field-required\"><li class=\"choice-1 depth-1\"><input type=\"checkbox\" id=\"wpforms-1576-field_26_1\" name=\"wpforms[fields][26][]\" value=\"Autorizo que este site armazene minhas informa\u00e7\u00f5es enviadas para que possam responder \u00e0 minha consulta.  N\u00f3s utilizamos Cookies para melhorar sua experi\u00eancia em nosso site. Ao continuar no site, consideramos que voc\u00ea est\u00e1 de acordo com nossa Pol\u00edtica de Privacidade e Cookies\" required ><label class=\"wpforms-field-label-inline\" for=\"wpforms-1576-field_26_1\">Autorizo que este site armazene minhas informa\u00e7\u00f5es enviadas para que possam responder \u00e0 minha consulta.  N\u00f3s utilizamos Cookies para melhorar sua experi\u00eancia em nosso site. Ao continuar no site, consideramos que voc\u00ea est\u00e1 de acordo com nossa Pol\u00edtica de Privacidade e Cookies<\/label><\/li><\/ul><\/div><div id=\"wpforms-1576-field_4-container\" class=\"wpforms-field wpforms-field-pagebreak\" data-field-id=\"4\"><div class=\"wpforms-clear wpforms-pagebreak-left\"><\/div><\/div><\/div><\/div><!-- .wpforms-field-container --><div class=\"wpforms-submit-container\" style=\"display:none;\"><input type=\"hidden\" name=\"wpforms[id]\" value=\"1576\"><input type=\"hidden\" name=\"wpforms[author]\" value=\"8\"><button type=\"submit\" name=\"wpforms[submit]\" id=\"wpforms-submit-1576\" class=\"wpforms-submit\" data-alt-text=\"Enviando\u2026\" data-submit-text=\"Enviar\" aria-live=\"assertive\" value=\"wpforms-submit\">Enviar<\/button><img loading=\"lazy\" decoding=\"async\" src=\"https:\/\/casinhas.pe.leg.br\/v1\/wp-content\/plugins\/wpforms\/assets\/images\/submit-spin.svg\" class=\"wpforms-submit-spinner\" style=\"display: none;\" width=\"26\" height=\"26\" alt=\"Carregando\"><\/div><\/form><\/div>  <!-- .wpforms-container -->\n","protected":false},"excerpt":{"rendered":"","protected":false},"author":8,"featured_media":0,"parent":0,"menu_order":0,"comment_status":"closed","ping_status":"closed","template":"","meta":{"footnotes":""},"class_list":["post-1579","page","type-page","status-publish","hentry","active"],"_links":{"self":[{"href":"https:\/\/casinhas.pe.leg.br\/v1\/wp-json\/wp\/v2\/pages\/1579","targetHints":{"allow":["GET"]}}],"collection":[{"href":"https:\/\/casinhas.pe.leg.br\/v1\/wp-json\/wp\/v2\/pages"}],"about":[{"href":"https:\/\/casinhas.pe.leg.br\/v1\/wp-json\/wp\/v2\/types\/page"}],"author":[{"embeddable":true,"href":"https:\/\/casinhas.pe.leg.br\/v1\/wp-json\/wp\/v2\/users\/8"}],"replies":[{"embeddable":true,"href":"https:\/\/casinhas.pe.leg.br\/v1\/wp-json\/wp\/v2\/comments?post=1579"}],"version-history":[{"count":2,"href":"https:\/\/casinhas.pe.leg.br\/v1\/wp-json\/wp\/v2\/pages\/1579\/revisions"}],"predecessor-version":[{"id":1581,"href":"https:\/\/casinhas.pe.leg.br\/v1\/wp-json\/wp\/v2\/pages\/1579\/revisions\/1581"}],"wp:attachment":[{"href":"https:\/\/casinhas.pe.leg.br\/v1\/wp-json\/wp\/v2\/media?parent=1579"}],"curies":[{"name":"wp","href":"https:\/\/api.w.org\/{rel}","templated":true}]}}