{"id":1305,"date":"2023-02-01T01:08:30","date_gmt":"2023-02-01T04:08:30","guid":{"rendered":"https:\/\/casinhas.pe.leg.br\/v1\/wp-admin\/?page_id=1305"},"modified":"2023-02-01T01:10:05","modified_gmt":"2023-02-01T04:10:05","slug":"perguntas-frequentes","status":"publish","type":"page","link":"https:\/\/casinhas.pe.leg.br\/v1\/perguntas-frequentes\/","title":{"rendered":"Perguntas Frequentes"},"content":{"rendered":"<div class=\"entry-content\" data-raofz=\"14\">\n<p data-raofz=\"14\">.<\/p>\n<p data-raofz=\"14\"><strong>Qual \u00e9 o objetivo do Portal da Transpar\u00eancia?<\/strong><br \/>\nO Portal da Transpar\u00eancia \u00e9 uma ferramenta que visa promover o amplo acesso aos dados referentes a aplica\u00e7\u00e3o dos recursos p\u00fablicos pela Prefeitura. Por meio do portal, qualquer cidad\u00e3o pode acompanhar as a\u00e7\u00f5es da administra\u00e7\u00e3o direta e indireta e a gest\u00e3o das finan\u00e7as p\u00fablicas.<\/p>\n<p data-raofz=\"14\">.<\/p>\n<hr \/>\n<p data-raofz=\"14\">.<\/p>\n<p data-raofz=\"14\"><strong>Qual a legisla\u00e7\u00e3o que criou o Portal da Transpar\u00eancia?<\/strong><br \/>\nO marco legal para a cria\u00e7\u00e3o dos portais da transpar\u00eancia em todos os entes da Uni\u00e3o (governo Federal, Estadual e Municipal) foi a promulga\u00e7\u00e3o da Lei Complementar n\u00b0 131, de 27\/05\/2009, que alterou a Lei Complementar n\u00b0101, de 04\/05\/2000 \u2013 Lei de Responsabilidade Fiscal.<\/p>\n<p data-raofz=\"14\">.<\/p>\n<hr \/>\n<p data-raofz=\"14\">.<\/p>\n<p data-raofz=\"14\"><strong>Quem est\u00e1 obrigado informar os dados de receita e despesa no Portal da Transpar\u00eancia?<\/strong><br \/>\nO Portal da Transpar\u00eancia abrange todas as entidades da Administra\u00e7\u00e3o Direta, as autarquias, as funda\u00e7\u00f5es, os fundos e as empresas p\u00fablicas, que devem apresentar os dados referentes \u00e0s receitas e despesas p\u00fablicas.<\/p>\n<p data-raofz=\"14\">.<\/p>\n<hr \/>\n<p data-raofz=\"14\">.<\/p>\n<p data-raofz=\"14\"><strong>De onde os dados do Portal s\u00e3o obtidos?<\/strong><br \/>\nOs dados apresentados no Portal da Transpar\u00eancia s\u00e3o obtidos do Sistema Or\u00e7ament\u00e1rio Financeiro da Prefeitura e lan\u00e7ados online (em tempo real) no site do portal.<\/p>\n<p data-raofz=\"14\">.<\/p>\n<hr \/>\n<p data-raofz=\"14\">.<\/p>\n<p data-raofz=\"14\"><strong>Que tipo de informa\u00e7\u00f5es poderei obter atrav\u00e9s do Portal da Transpar\u00eancia?<\/strong><br \/>\nNo Portal da Transpar\u00eancia podem ser encontradas informa\u00e7\u00f5es sobre o or\u00e7amento Municipal (PPA, LDO e LOA), as receitas auferidas, as despesas realizadas, os procedimentos licitat\u00f3rios e os contratos firmados pelo Munic\u00edpio.<\/p>\n<p data-raofz=\"14\">.<\/p>\n<hr \/>\n<p data-raofz=\"14\">.<\/p>\n<p data-raofz=\"14\"><strong>Qual \u00e9 a freq\u00fc\u00eancia de atualiza\u00e7\u00e3o dos dados apresentados no Portal da Transpar\u00eancia?<\/strong><\/p>\n<p data-raofz=\"14\">As informa\u00e7\u00f5es apresentadas no Portal relativas as receitas e as despesas s\u00e3o atualizadas a cada 2 horas.<\/p>\n<p data-raofz=\"14\">.<\/p>\n<hr \/>\n<p data-raofz=\"14\">.<\/p>\n<p data-raofz=\"14\"><strong>Quem pode acessar os dados do Portal da Transpar\u00eancia?<\/strong><br \/>\nTodo cidad\u00e3o pode consultar os dados do Portal da Transpar\u00eancia. O acesso \u00e0s informa\u00e7\u00f5es \u00e9 livre, independe de senhas ou autoriza\u00e7\u00f5es, bastando que o interessado possua conex\u00e3o com a internet.<\/p>\n<p data-raofz=\"14\">.<\/p>\n<hr \/>\n<p data-raofz=\"14\">.<\/p>\n<p data-raofz=\"14\"><strong>Como posso obter informa\u00e7\u00f5es sobre os termos e express\u00f5es utilizadas no Portal?<\/strong><\/p>\n<p data-raofz=\"14\">Consulte o gloss\u00e1rio para saber mais sobre os significados de todos os termos e express\u00f5es t\u00e9cnicas utilizadas no Portal. Caso a d\u00favida persista, utilize o fale conosco para informar-nos sua d\u00favida.<\/p>\n<p data-raofz=\"14\">.<\/p>\n<hr \/>\n<p data-raofz=\"14\">.<\/p>\n<p data-raofz=\"14\"><strong>Como posso denunciar a aplica\u00e7\u00e3o irregular dos recursos p\u00fablicos ou ato de servidor p\u00fablico ou \u00f3rg\u00e3o\/entidade integrante da Administra\u00e7\u00e3o P\u00fablica Municipal na gest\u00e3o destes recursos?<\/strong><br \/>\nO objetivo do Portal \u00e9 dar o m\u00e1ximo de transpar\u00eancia sobre como a Prefeitura aplica os recursos p\u00fablicos. Caso voc\u00ea possua informa\u00e7\u00f5es sobre a malversa\u00e7\u00e3o destes recursos e queira denunciar, acesse o fale conosco do Portal e utilize o formul\u00e1rio eletr\u00f4nico .<\/p>\n<p data-raofz=\"14\">.<br \/>\nAo fazer a sua den\u00fancia procure descrever todos os fatos de que tem ci\u00eancia de maneira clara e objetiva, a fim de permitir que a apura\u00e7\u00e3o da irregularidade. Se poss\u00edvel, indique a maior quantidade de dados que voc\u00ea tem a disposi\u00e7\u00e3o e que possa auxiliar a identifica\u00e7\u00e3o do il\u00edcito, tais como: nomes, datas e locais relacionados ao fato.<\/p>\n<p data-raofz=\"14\">.<\/p>\n<p data-raofz=\"14\">\n<\/div>\n","protected":false},"excerpt":{"rendered":"<p>. Qual \u00e9 o objetivo do Portal da Transpar\u00eancia? O Portal da Transpar\u00eancia \u00e9 uma ferramenta que visa promover o amplo acesso aos dados referentes <a class=\"leiamais\" href=\"https:\/\/casinhas.pe.leg.br\/v1\/perguntas-frequentes\/\"><i class=\"fa fa-angle-double-right\" aria-hidden=\"true\"><\/i><br \/>\n<\/a><\/p>\n","protected":false},"author":8,"featured_media":0,"parent":0,"menu_order":0,"comment_status":"closed","ping_status":"closed","template":"","meta":{"_acf_changed":false,"footnotes":""},"class_list":["post-1305","page","type-page","status-publish","hentry","active"],"acf":[],"_links":{"self":[{"href":"https:\/\/casinhas.pe.leg.br\/v1\/wp-json\/wp\/v2\/pages\/1305","targetHints":{"allow":["GET"]}}],"collection":[{"href":"https:\/\/casinhas.pe.leg.br\/v1\/wp-json\/wp\/v2\/pages"}],"about":[{"href":"https:\/\/casinhas.pe.leg.br\/v1\/wp-json\/wp\/v2\/types\/page"}],"author":[{"embeddable":true,"href":"https:\/\/casinhas.pe.leg.br\/v1\/wp-json\/wp\/v2\/users\/8"}],"replies":[{"embeddable":true,"href":"https:\/\/casinhas.pe.leg.br\/v1\/wp-json\/wp\/v2\/comments?post=1305"}],"version-history":[{"count":0,"href":"https:\/\/casinhas.pe.leg.br\/v1\/wp-json\/wp\/v2\/pages\/1305\/revisions"}],"wp:attachment":[{"href":"https:\/\/casinhas.pe.leg.br\/v1\/wp-json\/wp\/v2\/media?parent=1305"}],"curies":[{"name":"wp","href":"https:\/\/api.w.org\/{rel}","templated":true}]}}