{"id":1267,"date":"2023-02-01T00:06:12","date_gmt":"2023-02-01T03:06:12","guid":{"rendered":"https:\/\/casinhas.pe.leg.br\/v1\/wp-admin\/?page_id=1267"},"modified":"2025-04-23T09:12:07","modified_gmt":"2025-04-23T12:12:07","slug":"acerca-da-camara-municipal","status":"publish","type":"page","link":"https:\/\/casinhas.pe.leg.br\/v1\/acerca-da-camara-municipal\/","title":{"rendered":"Acerca da C\u00e2mara Municipal"},"content":{"rendered":"<p class=\"\" data-start=\"0\" data-end=\"213\">O <strong data-start=\"2\" data-end=\"33\">Poder Legislativo Municipal<\/strong> \u00e9 o \u00f3rg\u00e3o respons\u00e1vel por <strong data-start=\"60\" data-end=\"77\">elaborar leis<\/strong> e <strong data-start=\"80\" data-end=\"112\">fiscalizar o Poder Executivo<\/strong> no \u00e2mbito de um munic\u00edpio. No Brasil, esse poder \u00e9 exercido pela <strong data-start=\"178\" data-end=\"212\">C\u00e2mara Municipal de Vereadores<\/strong>.<\/p>\n<h3 class=\"\" data-start=\"215\" data-end=\"269\">Principais fun\u00e7\u00f5es do Poder Legislativo Municipal:<\/h3>\n<p class=\"\" data-start=\"274\" data-end=\"288\"><strong data-start=\"274\" data-end=\"286\">1. Legislar<\/strong><\/p>\n<ul>\n<li data-start=\"294\" data-end=\"454\">Criar, modificar ou revogar leis municipais, como o <strong data-start=\"346\" data-end=\"368\">C\u00f3digo de Posturas<\/strong>, <strong data-start=\"370\" data-end=\"387\">Plano Diretor<\/strong>, leis sobre <strong data-start=\"400\" data-end=\"426\">uso e ocupa\u00e7\u00e3o do solo<\/strong>, e <strong data-start=\"430\" data-end=\"453\">or\u00e7amento municipal<\/strong>.<\/li>\n<\/ul>\n<p class=\"\" data-start=\"462\" data-end=\"478\"><strong data-start=\"462\" data-end=\"476\">2. Fiscalizar<\/strong><\/p>\n<ul>\n<li data-start=\"484\" data-end=\"559\">Acompanhar e fiscalizar a atua\u00e7\u00e3o do prefeito e da administra\u00e7\u00e3o municipal.<\/li>\n<li data-start=\"565\" data-end=\"689\">Examinar contas p\u00fablicas, que devem ser julgadas com o aux\u00edlio do <strong data-start=\"631\" data-end=\"653\">Tribunal de Contas<\/strong> (estadual ou municipal, se houver).<\/li>\n<li data-start=\"695\" data-end=\"781\">Criar <strong data-start=\"701\" data-end=\"748\">Comiss\u00f5es Parlamentares de Inqu\u00e9rito (CPIs)<\/strong> para investigar irregularidades.<\/li>\n<\/ul>\n<p class=\"\" data-start=\"786\" data-end=\"815\"><strong data-start=\"786\" data-end=\"813\">3. Representar a popula\u00e7\u00e3o<\/strong><\/p>\n<ul>\n<li data-start=\"821\" data-end=\"885\">Ouvir demandas dos cidad\u00e3os, comunidades e setores da sociedade.<\/li>\n<li data-start=\"891\" data-end=\"941\">Propor pol\u00edticas p\u00fablicas em nome da coletividade.<\/li>\n<\/ul>\n<h3 class=\"\" data-start=\"943\" data-end=\"957\">Composi\u00e7\u00e3o<\/h3>\n<ul>\n<li data-start=\"959\" data-end=\"1050\">A quantidade de vereadores varia conforme o n\u00famero de habitantes do munic\u00edpio. Por exemplo:<\/li>\n<li data-start=\"1053\" data-end=\"1111\">Munic\u00edpios com at\u00e9 15 mil habitantes t\u00eam at\u00e9 9 vereadores.<\/li>\n<li data-start=\"1114\" data-end=\"1188\">Cidades maiores podem ter at\u00e9 55 vereadores (como S\u00e3o Paulo, por exemplo).<\/li>\n<\/ul>\n<h3 class=\"\" data-start=\"1190\" data-end=\"1216\">Mandato dos Vereadores<\/h3>\n<ul>\n<li data-start=\"1220\" data-end=\"1306\">Os vereadores s\u00e3o eleitos para mandatos de <strong data-start=\"1263\" data-end=\"1273\">4 anos<\/strong>, com possibilidade de reelei\u00e7\u00e3o.<\/li>\n<li data-start=\"1309\" data-end=\"1376\">A elei\u00e7\u00e3o ocorre simultaneamente com a do prefeito e vice-prefeito.<\/li>\n<\/ul>\n<p data-raofz=\"14\">Nesse contexto, a C\u00e2mara dos Vereadores, aut\u00eantica representante da popula\u00e7\u00e3o de Casinhas, exerce atividades que viabilizam a realiza\u00e7\u00e3o dos anseios da sociedade, mediante discuss\u00e3o e aprova\u00e7\u00e3o de propostas referentes \u00e0s \u00e1reas econ\u00f4micas e sociais, como educa\u00e7\u00e3o, sa\u00fade, transporte, habita\u00e7\u00e3o, entre outras, sem descuidar do correto emprego, pelos poderes do munic\u00edpio, dos recursos arrecadados da popula\u00e7\u00e3o com o pagamento de tributos.<\/p>\n<p data-raofz=\"14\">A <strong data-start=\"2\" data-end=\"28\">Lei Org\u00e2nica Municipal<\/strong> \u00e9 como se fosse a \u201c<strong data-start=\"48\" data-end=\"64\">Constitui\u00e7\u00e3o<\/strong>\u201d do munic\u00edpio. Ela estabelece as regras b\u00e1sicas de funcionamento da cidade, organizando os <strong data-start=\"156\" data-end=\"202\">poderes Executivo e Legislativo municipais<\/strong>, os direitos dos cidad\u00e3os locais e as normas para administra\u00e7\u00e3o p\u00fablica.<\/p>\n<p data-raofz=\"14\">O <strong data-start=\"2\" data-end=\"23\">Regimento Interno<\/strong> \u00e9 um conjunto de regras que organiza o <strong data-start=\"63\" data-end=\"100\">funcionamento da C\u00e2mara Municipal<\/strong>. Enquanto a <strong data-start=\"113\" data-end=\"129\">Lei Org\u00e2nica<\/strong> trata das leis maiores do munic\u00edpio (como uma Constitui\u00e7\u00e3o local), o Regimento Interno define <strong data-start=\"224\" data-end=\"288\">como os vereadores devem atuar no dia a dia dentro da C\u00e2mara<\/strong>.<\/p>\n<p data-raofz=\"14\">\n","protected":false},"excerpt":{"rendered":"<p>O Poder Legislativo Municipal \u00e9 o \u00f3rg\u00e3o respons\u00e1vel por elaborar leis e fiscalizar o Poder Executivo no \u00e2mbito de um munic\u00edpio. No Brasil, esse poder <a class=\"leiamais\" href=\"https:\/\/casinhas.pe.leg.br\/v1\/acerca-da-camara-municipal\/\"><i class=\"fa fa-angle-double-right\" aria-hidden=\"true\"><\/i><br \/>\n<\/a><\/p>\n","protected":false},"author":8,"featured_media":0,"parent":0,"menu_order":0,"comment_status":"closed","ping_status":"closed","template":"","meta":{"_acf_changed":false,"footnotes":""},"class_list":["post-1267","page","type-page","status-publish","hentry","active"],"acf":[],"_links":{"self":[{"href":"https:\/\/casinhas.pe.leg.br\/v1\/wp-json\/wp\/v2\/pages\/1267","targetHints":{"allow":["GET"]}}],"collection":[{"href":"https:\/\/casinhas.pe.leg.br\/v1\/wp-json\/wp\/v2\/pages"}],"about":[{"href":"https:\/\/casinhas.pe.leg.br\/v1\/wp-json\/wp\/v2\/types\/page"}],"author":[{"embeddable":true,"href":"https:\/\/casinhas.pe.leg.br\/v1\/wp-json\/wp\/v2\/users\/8"}],"replies":[{"embeddable":true,"href":"https:\/\/casinhas.pe.leg.br\/v1\/wp-json\/wp\/v2\/comments?post=1267"}],"version-history":[{"count":3,"href":"https:\/\/casinhas.pe.leg.br\/v1\/wp-json\/wp\/v2\/pages\/1267\/revisions"}],"predecessor-version":[{"id":1590,"href":"https:\/\/casinhas.pe.leg.br\/v1\/wp-json\/wp\/v2\/pages\/1267\/revisions\/1590"}],"wp:attachment":[{"href":"https:\/\/casinhas.pe.leg.br\/v1\/wp-json\/wp\/v2\/media?parent=1267"}],"curies":[{"name":"wp","href":"https:\/\/api.w.org\/{rel}","templated":true}]}}